{"id":47,"date":"2021-09-14T21:45:37","date_gmt":"2021-09-14T21:45:37","guid":{"rendered":"http:\/\/engepetroengenharia.com.br\/?page_id=47"},"modified":"2022-03-04T23:02:03","modified_gmt":"2022-03-04T23:02:03","slug":"contato","status":"publish","type":"page","link":"https:\/\/engepetroengenharia.com.br\/index.php\/contato\/","title":{"rendered":"CONTATO"},"content":{"rendered":"<div data-colibri-id=\"47-c1\" class=\"style-652 style-local-47-c1 position-relative\">\n  <!---->\n  <div data-colibri-component=\"section\" data-colibri-id=\"47-c16\" id=\"about-2\" class=\"h-section h-section-global-spacing d-flex align-items-lg-center align-items-md-center align-items-center style-780 style-local-47-c16 position-relative\">\n    <!---->\n    <!---->\n    <div class=\"h-section-grid-container h-section-boxed-container\">\n      <!---->\n      <div data-colibri-id=\"47-c17\" class=\"h-row-container gutters-row-lg-2 gutters-row-md-2 gutters-row-2 gutters-row-v-lg-2 gutters-row-v-md-2 gutters-row-v-2 style-781 style-local-47-c17 position-relative\">\n        <!---->\n        <div class=\"h-row justify-content-lg-center justify-content-md-center justify-content-center align-items-lg-stretch align-items-md-stretch align-items-stretch gutters-col-lg-2 gutters-col-md-2 gutters-col-2 gutters-col-v-lg-2 gutters-col-v-md-2 gutters-col-v-2\">\n          <!---->\n          <div class=\"h-column h-column-container d-flex h-col-lg-auto h-col-md-auto h-col-auto style-782-outer style-local-47-c18-outer\">\n            <div data-colibri-id=\"47-c18\" class=\"d-flex h-flex-basis h-column__inner h-px-lg-2 h-px-md-2 h-px-2 v-inner-lg-2 v-inner-md-2 v-inner-2 style-782 style-local-47-c18 position-relative\">\n              <!---->\n              <!---->\n              <div class=\"w-100 h-y-container h-column__content h-column__v-align flex-basis-100 align-self-lg-center align-self-md-center align-self-center\">\n                <!---->\n                <div data-colibri-id=\"47-c19\" class=\"h-global-transition-all h-heading style-783 style-local-47-c19 position-relative h-element\">\n                  <!---->\n                  <div class=\"h-heading__outer style-783 style-local-47-c19\">\n                    <!---->\n                    <!---->\n                    <h5 class=\"\">INFORMA\u00c7\u00d5ES E OR\u00c7AMENTOS<\/h5>\n                  <\/div>\n                <\/div>\n                <div data-colibri-id=\"47-c20\" class=\"h-global-transition-all h-heading style-784 style-local-47-c20 position-relative h-element\">\n                  <!---->\n                  <div class=\"h-heading__outer style-784 style-local-47-c20\">\n                    <!---->\n                    <!---->\n                    <h2 class=\"\">FALE CONOSCO<\/h2>\n                  <\/div>\n                <\/div>\n                <div data-colibri-id=\"47-c21\" class=\"h-lead h-text h-text-component style-785 style-local-47-c21 position-relative h-element\">\n                  <!---->\n                  <!---->\n                  <div class=\"\">\n                    <p>CONTATOS<\/p>\n                    <p>Telefone : (24) 99294-6823<\/p>\n                    <p>Email : diegogonzalez.eng@hotmail.com<\/p>\n                    <p>Petr\u00f3polis \u2013 RJ<\/p>\n                    <p>DIEGO H. R. GONZALEZ<\/p>\n                    <p>ENGENHEIRO CIVIL<\/p>\n                  <\/div>\n                <\/div>\n                <div data-colibri-id=\"47-c22\" class=\"h-x-container style-786 style-local-47-c22 position-relative h-element\">\n                  <!---->\n                  <div class=\"h-x-container-inner style-dynamic-47-c22-group style-786-spacing style-local-47-c22-spacing\"><span class=\"h-button__outer style-787-outer style-local-47-c23-outer d-inline-flex h-element\"><a h-use-smooth-scroll=\"true\" href=\"\"  data-colibri-id=\"47-c23\" class=\"d-flex w-100 align-items-center h-button justify-content-lg-center justify-content-md-center justify-content-center style-787 style-local-47-c23 position-relative\"><!----><!----> <span>WHATSAPP<\/span><\/a>\n                    <\/span>\n                  <\/div>\n                <\/div>\n              <\/div>\n            <\/div>\n          <\/div>\n          <div class=\"h-column h-column-container d-flex h-col-lg-auto h-col-md-auto h-col-auto style-788-outer style-local-47-c24-outer\">\n            <div data-colibri-id=\"47-c24\" class=\"d-flex h-flex-basis h-column__inner h-px-lg-2 h-px-md-2 h-px-2 v-inner-lg-2 v-inner-md-2 v-inner-2 style-788 style-local-47-c24 position-relative\">\n              <!---->\n              <!---->\n              <div class=\"w-100 h-y-container h-column__content h-column__v-align flex-basis-100 align-self-lg-center align-self-md-center align-self-center\">\n                <!---->\n                <div data-colibri-id=\"47-c25\" class=\"d-block style-789 style-local-47-c25 position-relative h-element\">\n                  <!---->\n                  <div class=\"h-image__frame-container-outer\">\n                    <div class=\"h-image__frame-container\">\n                      <!---->\n                      <!---->\n                      <img  title=\"\" loading=\"lazy\" decoding=\"async\" width=\"790\" height=\"490\" src=\"https:\/\/engepetroengenharia.com.br\/wp-content\/uploads\/2021\/09\/assessoria-de-obras.jpg\" class=\"wp-image-1145 style-789-image style-local-47-c25-image\"  alt=\"%Constru\u00e7\u00e3o %Constru\u00e7\u00e3o\"  srcset=\"https:\/\/engepetroengenharia.com.br\/wp-content\/uploads\/2021\/09\/assessoria-de-obras.jpg 790w, https:\/\/engepetroengenharia.com.br\/wp-content\/uploads\/2021\/09\/assessoria-de-obras-300x186.jpg 300w, https:\/\/engepetroengenharia.com.br\/wp-content\/uploads\/2021\/09\/assessoria-de-obras-768x476.jpg 768w\" sizes=\"auto, (max-width: 790px) 100vw, 790px\" \/>\n                      <div class=\"h-image__frame h-hide-sm style-789-frameImage style-local-47-c25-frameImage\"><\/div>\n                    <\/div>\n                  <\/div>\n                <\/div>\n              <\/div>\n            <\/div>\n          <\/div>\n        <\/div>\n      <\/div>\n    <\/div>\n  <\/div>\n<\/div>","protected":false},"excerpt":{"rendered":"<p>INFORMA\u00c7\u00d5ES E OR\u00c7AMENTOS FALE CONOSCO CONTATOS Telefone : (24) 99294-6823 Email : diegogonzalez.eng@hotmail.com Petr\u00f3polis \u2013 RJ DIEGO H. R. GONZALEZ ENGENHEIRO CIVIL WHATSAPP<\/p>\n","protected":false},"author":1,"featured_media":0,"parent":0,"menu_order":0,"comment_status":"closed","ping_status":"closed","template":"page-templates\/full-width-page.php","meta":{"om_disable_all_campaigns":false,"_monsterinsights_skip_tracking":false,"_monsterinsights_sitenote_active":false,"_monsterinsights_sitenote_note":"","_monsterinsights_sitenote_category":0,"footnotes":""},"class_list":["post-47","page","type-page","status-publish","hentry"],"_links":{"self":[{"href":"https:\/\/engepetroengenharia.com.br\/index.php\/wp-json\/wp\/v2\/pages\/47","targetHints":{"allow":["GET"]}}],"collection":[{"href":"https:\/\/engepetroengenharia.com.br\/index.php\/wp-json\/wp\/v2\/pages"}],"about":[{"href":"https:\/\/engepetroengenharia.com.br\/index.php\/wp-json\/wp\/v2\/types\/page"}],"author":[{"embeddable":true,"href":"https:\/\/engepetroengenharia.com.br\/index.php\/wp-json\/wp\/v2\/users\/1"}],"replies":[{"embeddable":true,"href":"https:\/\/engepetroengenharia.com.br\/index.php\/wp-json\/wp\/v2\/comments?post=47"}],"version-history":[{"count":7,"href":"https:\/\/engepetroengenharia.com.br\/index.php\/wp-json\/wp\/v2\/pages\/47\/revisions"}],"predecessor-version":[{"id":1993,"href":"https:\/\/engepetroengenharia.com.br\/index.php\/wp-json\/wp\/v2\/pages\/47\/revisions\/1993"}],"wp:attachment":[{"href":"https:\/\/engepetroengenharia.com.br\/index.php\/wp-json\/wp\/v2\/media?parent=47"}],"curies":[{"name":"wp","href":"https:\/\/api.w.org\/{rel}","templated":true}]}}